{"id":5577,"date":"2023-02-22T11:58:52","date_gmt":"2023-02-22T11:58:52","guid":{"rendered":"https:\/\/sanjosemalargue.net\/?page_id=5577"},"modified":"2023-02-22T12:06:38","modified_gmt":"2023-02-22T12:06:38","slug":"tecnicatura-superior-en-gestion-de-recursos-humanos","status":"publish","type":"page","link":"https:\/\/sanjosemalargue.net\/?page_id=5577","title":{"rendered":"Tecnicatura Superior en Gesti\u00f3n de Recursos Humanos"},"content":{"rendered":"\t\t<div data-elementor-type=\"wp-page\" data-elementor-id=\"5577\" class=\"elementor elementor-5577\" data-elementor-post-type=\"page\">\n\t\t\t\t<div class=\"elementor-element elementor-element-0a732b8 e-flex e-con-boxed e-con e-parent\" data-id=\"0a732b8\" data-element_type=\"container\" data-e-type=\"container\">\n\t\t\t\t\t<div class=\"e-con-inner\">\n\t\t\t\t<div class=\"elementor-element elementor-element-cd6568b elementor-widget elementor-widget-heading\" data-id=\"cd6568b\" data-element_type=\"widget\" data-e-type=\"widget\" data-widget_type=\"heading.default\">\n\t\t\t\t<div class=\"elementor-widget-container\">\n\t\t\t\t\t<h3 class=\"elementor-heading-title elementor-size-default\">Tecnicatura Superior en Gest\u00f3n de Recursos Humanos<\/h3>\t\t\t\t<\/div>\n\t\t\t\t<\/div>\n\t\t\t\t\t<\/div>\n\t\t\t\t<\/div>\n\t\t<div class=\"elementor-element elementor-element-cfc9e4b e-flex e-con-boxed e-con e-parent\" data-id=\"cfc9e4b\" data-element_type=\"container\" data-e-type=\"container\">\n\t\t\t\t\t<div class=\"e-con-inner\">\n\t\t\t\t<div class=\"elementor-element elementor-element-cd4207a elementor-widget elementor-widget-text-editor\" data-id=\"cd4207a\" data-element_type=\"widget\" data-e-type=\"widget\" data-widget_type=\"text-editor.default\">\n\t\t\t\t<div class=\"elementor-widget-container\">\n\t\t\t\t\t\t\t\t\t<table width=\"957\"><tbody><tr><td rowspan=\"10\" width=\"139\">PRIMER A\u00d1O<\/td><td width=\"35\">1<\/td><td width=\"697\">Administraci\u00f3n de las organizaciones (Primer semestre)\u00a0<\/td><td width=\"28\">\u00a0<\/td><td width=\"58\">90<\/td><\/tr><tr><td width=\"35\">2<\/td><td width=\"697\">Introducci\u00f3n a los recursos humanos (Anual)<\/td><td width=\"28\">\u00a0<\/td><td width=\"58\">120<\/td><\/tr><tr><td width=\"35\">3<\/td><td width=\"697\">Comunicaci\u00f3n (Primer semestre)<\/td><td width=\"28\">\u00a0<\/td><td width=\"58\">90<\/td><\/tr><tr><td width=\"35\">4<\/td><td width=\"697\">Pr\u00e1ctica de lectura, escritura y oralidad (Primer semestre)\u00a0<\/td><td width=\"28\">\u00a0<\/td><td width=\"58\">45<\/td><\/tr><tr><td width=\"35\">5<\/td><td width=\"697\">Ingl\u00e9s (Anual)<\/td><td width=\"28\">\u00a0<\/td><td width=\"58\">60<\/td><\/tr><tr><td width=\"35\">6<\/td><td width=\"697\">Inform\u00e1tica y tecnolog\u00eda (Anual)<\/td><td width=\"28\">\u00a0<\/td><td width=\"58\">90<\/td><\/tr><tr><td width=\"35\">7<\/td><td width=\"697\">Estad\u00edstica (Segundi semestre)<\/td><td width=\"28\">\u00a0<\/td><td width=\"58\">60<\/td><\/tr><tr><td width=\"35\">8<\/td><td width=\"697\">Comunicaci\u00f3n organizacional (Segundo Semestre)<\/td><td width=\"28\">\u00a0<\/td><td width=\"58\">90<\/td><\/tr><tr><td width=\"35\">9<\/td><td width=\"697\">Psicolog\u00eda social (Segundo semestre)<\/td><td width=\"28\">\u00a0<\/td><td width=\"58\">60<\/td><\/tr><tr><td width=\"35\">10<\/td><td width=\"697\">Pr\u00e1ctica Profesionalizante I (Segundo semestre)<\/td><td width=\"28\">\u00a0<\/td><td width=\"58\">60<\/td><\/tr><tr><td rowspan=\"13\">SEGUNDO A\u00d1O<\/td><td width=\"35\">11<\/td><td width=\"697\">Introducci\u00f3n al desrecho (Primer semestre)<\/td><td width=\"28\">\u00a0<\/td><td width=\"58\">90<\/td><\/tr><tr><td width=\"35\">12<\/td><td colspan=\"2\" width=\"725\">Espacio optativo institucional &#8211; Din\u00e1mica de grupo \/Felicidad y binestar institucional (Primer semestre)<\/td><td width=\"58\">60<\/td><\/tr><tr><td width=\"35\">13<\/td><td width=\"697\">Dise\u00f1o de puestos de trabajo (Primer semestre)<\/td><td width=\"28\">\u00a0<\/td><td width=\"58\">45<\/td><\/tr><tr><td width=\"35\">14<\/td><td width=\"697\">Planificaci\u00f3n de los recursos humanos (Primer semestre)<\/td><td width=\"28\">\u00a0<\/td><td width=\"58\">45<\/td><\/tr><tr><td width=\"35\">15<\/td><td width=\"697\">Reclutamiento y selecci\u00f3n de personal (Primer semestre)<\/td><td width=\"28\">\u00a0<\/td><td width=\"58\">90<\/td><\/tr><tr><td width=\"35\">16<\/td><td width=\"697\">Problem\u00e1tica sociocultural y el contexto (Primer semestre)<\/td><td width=\"28\">\u00a0<\/td><td width=\"58\">45<\/td><\/tr><tr><td width=\"35\">17<\/td><td width=\"697\">Ingl\u00e9s t\u00e9cnico (Anual)<\/td><td width=\"28\">\u00a0<\/td><td width=\"58\">60<\/td><\/tr><tr><td width=\"35\">18<\/td><td width=\"697\">Pr\u00e1ctica Profesionalizante II (Anual)<\/td><td width=\"28\">\u00a0<\/td><td width=\"58\">90<\/td><\/tr><tr><td width=\"35\">19<\/td><td width=\"697\">Derecho Laboral (Segundo semestre)<\/td><td width=\"28\">\u00a0<\/td><td width=\"58\">90<\/td><\/tr><tr><td width=\"35\">20<\/td><td width=\"697\">Liquuidaaci\u00f3n de sueldos y jornales (Segundo semestre)<\/td><td width=\"28\">\u00a0<\/td><td width=\"58\">60<\/td><\/tr><tr><td width=\"35\">21<\/td><td width=\"697\">Mediaci\u00f3n , negociaci\u00f3n y resoluci\u00f3n de conflictos (Segundo semestre)<\/td><td width=\"28\">\u00a0<\/td><td width=\"58\">90<\/td><\/tr><tr><td width=\"35\">22<\/td><td width=\"697\">Capacitaci\u00f3n y desarrollo (Segundo semestre)<\/td><td width=\"28\">\u00a0<\/td><td width=\"58\">90<\/td><\/tr><tr><td width=\"35\">23<\/td><td width=\"697\">Metodolog\u00eda de la investigaci\u00f3n social (Segundo semestre)<\/td><td width=\"28\">\u00a0<\/td><td width=\"58\">45<\/td><\/tr><tr><td rowspan=\"7\">TERCER A\u00d1O<\/td><td width=\"35\">24<\/td><td width=\"697\">Seguridad e higiene laboral (Primer semestre)<\/td><td width=\"28\">\u00a0<\/td><td width=\"58\">45<\/td><\/tr><tr><td width=\"35\">25<\/td><td width=\"697\">Formulaci\u00f3n y evaluaci\u00f3n de proyectos (Primer semestre)<\/td><td width=\"28\">\u00a0<\/td><td width=\"58\">45<\/td><\/tr><tr><td width=\"35\">26<\/td><td width=\"697\">Evaluaci\u00f3n de desempe\u00f1o (Primer semestre)<\/td><td width=\"28\">\u00a0<\/td><td width=\"58\">75<\/td><\/tr><tr><td width=\"35\">27<\/td><td width=\"697\">Gesti\u00f3n de la calidad (Primer semestre)<\/td><td width=\"28\">\u00a0<\/td><td width=\"58\">45<\/td><\/tr><tr><td width=\"35\">28<\/td><td width=\"697\">Liderazgo y motivaci\u00f3n (Primer semestre)<\/td><td width=\"28\">\u00a0<\/td><td width=\"58\">90<\/td><\/tr><tr><td width=\"35\">29<\/td><td width=\"697\">\u00c9tica profesiponal (Primer semestre)<\/td><td width=\"28\">\u00a0<\/td><td width=\"58\">45<\/td><\/tr><tr><td width=\"35\">30<\/td><td width=\"697\">Pr\u00e1ctica Profesionalizante III (Anual)<\/td><td width=\"28\">\u00a0<\/td><td width=\"58\">90<\/td><\/tr><tr><td colspan=\"3\">Totalde horas curriculares<\/td><td>\u00a0<\/td><td width=\"58\">2100<\/td><\/tr><tr><td rowspan=\"3\">Extraprogrm\u00e1ticas<\/td><td width=\"35\">E1<\/td><td>El Hombre y sus interrogantes (2 semestres)<\/td><td>\u00a0<\/td><td>60<\/td><\/tr><tr><td width=\"35\">E2<\/td><td>Formaci\u00f3n Human\u00edstica I (1 semestre)<\/td><td>\u00a0<\/td><td>30<\/td><\/tr><tr><td width=\"35\">E3<\/td><td>Formaci\u00f3n Human\u00edstica II (1 semestre)<\/td><td>\u00a0<\/td><td>30<\/td><\/tr><tr><td>\u00a0<\/td><td>\u00a0<\/td><td>Certificaci\u00f3n intermedia de \u00abAuxiliar de Selecci\u00f3n de Personal\u00bb, con un total de horas curriculares de 840.<\/td><td>\u00a0<\/td><td>\u00a0<\/td><\/tr><tr><td>\u00a0<\/td><td>\u00a0<\/td><td>\u00a0<\/td><td>\u00a0<\/td><td>\u00a0<\/td><\/tr><\/tbody><\/table>\t\t\t\t\t\t\t\t<\/div>\n\t\t\t\t<\/div>\n\t\t\t\t\t<\/div>\n\t\t\t\t<\/div>\n\t\t\t\t<\/div>\n\t\t","protected":false},"excerpt":{"rendered":"<p>Tecnicatura Superior en Gest\u00f3n de Recursos Humanos PRIMER A\u00d1O 1 Administraci\u00f3n de las organizaciones (Primer semestre)\u00a0 \u00a0 90 2 Introducci\u00f3n a los recursos humanos (Anual) \u00a0 120 3 Comunicaci\u00f3n (Primer semestre) \u00a0 90 4 Pr\u00e1ctica de lectura, escritura y oralidad (Primer semestre)\u00a0 \u00a0 45 5 Ingl\u00e9s (Anual) \u00a0 60 6 Inform\u00e1tica y tecnolog\u00eda (Anual) \u00a0&#8230;<\/p>\n","protected":false},"author":1,"featured_media":0,"parent":0,"menu_order":0,"comment_status":"closed","ping_status":"closed","template":"elementor_header_footer","meta":{"footnotes":""},"class_list":["post-5577","page","type-page","status-publish","hentry"],"_links":{"self":[{"href":"https:\/\/sanjosemalargue.net\/index.php?rest_route=\/wp\/v2\/pages\/5577","targetHints":{"allow":["GET"]}}],"collection":[{"href":"https:\/\/sanjosemalargue.net\/index.php?rest_route=\/wp\/v2\/pages"}],"about":[{"href":"https:\/\/sanjosemalargue.net\/index.php?rest_route=\/wp\/v2\/types\/page"}],"author":[{"embeddable":true,"href":"https:\/\/sanjosemalargue.net\/index.php?rest_route=\/wp\/v2\/users\/1"}],"replies":[{"embeddable":true,"href":"https:\/\/sanjosemalargue.net\/index.php?rest_route=%2Fwp%2Fv2%2Fcomments&post=5577"}],"version-history":[{"count":4,"href":"https:\/\/sanjosemalargue.net\/index.php?rest_route=\/wp\/v2\/pages\/5577\/revisions"}],"predecessor-version":[{"id":5583,"href":"https:\/\/sanjosemalargue.net\/index.php?rest_route=\/wp\/v2\/pages\/5577\/revisions\/5583"}],"wp:attachment":[{"href":"https:\/\/sanjosemalargue.net\/index.php?rest_route=%2Fwp%2Fv2%2Fmedia&parent=5577"}],"curies":[{"name":"wp","href":"https:\/\/api.w.org\/{rel}","templated":true}]}}